{"id":52,"date":"2023-07-28T16:14:52","date_gmt":"2023-07-28T14:14:52","guid":{"rendered":"https:\/\/www.eventechsolutions.de\/?page_id=52"},"modified":"2023-07-28T19:36:24","modified_gmt":"2023-07-28T17:36:24","slug":"document-analyzer","status":"publish","type":"page","link":"https:\/\/www.eventechsolutions.de\/?page_id=52","title":{"rendered":"Document Analyzer"},"content":{"rendered":"\n<p>Das ist die Dokumenten analyse Software&#8230;<br>Dieser Webseiten Abschnitt wird noch \u00fcberarbeitet.<\/p>\n\n\n\n<p>Die Software erm\u00f6glicht es ankommende Dokumente im PDF-Format zu analysieren und nach hinterlegten Patienten\/Mandanten\/Kundendaten zu durchsuchen, wodurch ein Import in bestehende Bestands-\/Kundendatenverwaltungssoftware \u00fcber eine meist g\u00e4ngige Schnittstelle m\u00f6glich wird.<br>Ebenso lassen sich die Analysierten Ergebnisse auch in einer Datenbank zwischenspeichern und so das man diese zu einem sp\u00e4teren Zeitpunkt anschauen kann oder bei einer Datei, bei der kein 100% Match gefunden wurde, die manuelle vervollst\u00e4ndigung vornehmen kann und der Prozess sp\u00e4ter weiter arbeiten kann.<\/p>\n\n\n\n<p>Die Haupt-\/ Server Komponente der Software ist in Java 17 geschrieben und basiert auf dem aktuellen SpringBoot Framework um die API f\u00fcr das Webinterface bereitzustellen. Das Webinterface selbst ist in Angular\/Typescript entwickelt.<\/p>\n\n\n\n<p><\/p>\n","protected":false},"excerpt":{"rendered":"<p>Das ist die Dokumenten analyse Software&#8230;Dieser Webseiten Abschnitt wird noch \u00fcberarbeitet. Die Software erm\u00f6glicht es ankommende Dokumente im PDF-Format zu analysieren und nach hinterlegten Patienten\/Mandanten\/Kundendaten zu durchsuchen, wodurch ein Import in bestehende Bestands-\/Kundendatenverwaltungssoftware \u00fcber eine meist g\u00e4ngige Schnittstelle m\u00f6glich wird.Ebenso lassen sich die Analysierten Ergebnisse auch in einer Datenbank zwischenspeichern und so das man diese [&hellip;]<\/p>\n","protected":false},"author":1,"featured_media":0,"parent":0,"menu_order":0,"comment_status":"closed","ping_status":"closed","template":"","meta":{"footnotes":""},"class_list":["post-52","page","type-page","status-publish","hentry"],"_links":{"self":[{"href":"https:\/\/www.eventechsolutions.de\/index.php?rest_route=\/wp\/v2\/pages\/52","targetHints":{"allow":["GET"]}}],"collection":[{"href":"https:\/\/www.eventechsolutions.de\/index.php?rest_route=\/wp\/v2\/pages"}],"about":[{"href":"https:\/\/www.eventechsolutions.de\/index.php?rest_route=\/wp\/v2\/types\/page"}],"author":[{"embeddable":true,"href":"https:\/\/www.eventechsolutions.de\/index.php?rest_route=\/wp\/v2\/users\/1"}],"replies":[{"embeddable":true,"href":"https:\/\/www.eventechsolutions.de\/index.php?rest_route=%2Fwp%2Fv2%2Fcomments&post=52"}],"version-history":[{"count":4,"href":"https:\/\/www.eventechsolutions.de\/index.php?rest_route=\/wp\/v2\/pages\/52\/revisions"}],"predecessor-version":[{"id":90,"href":"https:\/\/www.eventechsolutions.de\/index.php?rest_route=\/wp\/v2\/pages\/52\/revisions\/90"}],"wp:attachment":[{"href":"https:\/\/www.eventechsolutions.de\/index.php?rest_route=%2Fwp%2Fv2%2Fmedia&parent=52"}],"curies":[{"name":"wp","href":"https:\/\/api.w.org\/{rel}","templated":true}]}}